{"id":10,"date":"2019-11-26T21:34:24","date_gmt":"2019-11-26T20:34:24","guid":{"rendered":"http:\/\/damanacon.de\/?page_id=10"},"modified":"2024-02-10T10:08:46","modified_gmt":"2024-02-10T09:08:46","slug":"datenschutzerklaerung","status":"publish","type":"page","link":"https:\/\/damanacon.de\/?page_id=10","title":{"rendered":"Datenschutzerkl\u00e4rung"},"content":{"rendered":"\n<h2 class=\"wp-block-heading\">Der Verantwortliche im Sinne der EU-Datenschutzgrundverordnung (DSGVO), des Bundesdatenschutzgesetzes (BDSG) sowie sonstiger datenschutzrechtlicher Bestimmungen ist:<\/h2>\n\n\n\n<p>Damanacon GmbH<br>Feldstra\u00dfe 34<\/p>\n\n\n\n<p>15517 F\u00fcrstenwalde<\/p>\n\n\n\n<p>Website: http:\/\/damanacon.de<br>Telefonnummer: +49-176-46717552<\/p>\n\n\n\n<h3 class=\"wp-block-heading\">Rechtsgrundlagen<\/h3>\n\n\n\n<p>Insofern wir f\u00fcr die Verarbeitung der personenbezogenen Daten eine <strong>Einwilligung<\/strong> der betroffenen Person eingeholt haben, gilt Artikel 6 Absatz 1 Unterabsatz 1a der DSGVO als rechtliche Grundlage.<\/p>\n\n\n\n<p>Ist die Verarbeitung personenbezogener Daten f\u00fcr die <strong>Erf\u00fcllung eines Vertrags<\/strong> mit der betroffenen Person oder f\u00fcr <strong>vorvertragliche Ma\u00dfnahmen<\/strong>  erforderlich, die durch die betroffene Person veranlasst wurden, dient  Artikel 6 Absatz 1 Unterabsatz 1b (DSGVO) als Rechtsgrundlage.<\/p>\n\n\n\n<p>Ist die Datenverarbeitung das Resultat einer <strong>rechtlichen Verpflichtung<\/strong>, der wir unterliegen, berufen wir uns auf Artikel 6 Absatz 1 Unterabsatz 1c der DSGVO als rechtliche Basis.<\/p>\n\n\n\n<p>Erfolgt die Verarbeitung personenbezogener Daten, um <strong>lebenswichtige Interessen<\/strong>  der betroffenen Person oder einer anderen nat\u00fcrlichen Person zu  sch\u00fctzen, dient Artikel 6 Absatz 1 Unterabsatz 1d (DSGVO) als  Rechtsgrundlage.<\/p>\n\n\n\n<p>Dient die Datenverarbeitung einer Aufgabe, die im <strong>\u00f6ffentlichen Interesse<\/strong> liegt oder in <strong>Aus\u00fcbung \u00f6ffentlicher Gewalt<\/strong> erfolgt, berufen wir uns auf Artikel 6 Absatz 1 Unterabsatz 1e der DSGVO.<\/p>\n\n\n\n<p>Insofern die Verarbeitung personenbezogener Daten erforderlich ist, um <strong>berechtigte Interessen des Verantwortlichen<\/strong> oder <strong>eines Dritten<\/strong>  zu wahren \u2013 ohne dabei die Interessen, Grundrechte oder Grundfreiheiten  der betroffenen Person zu gef\u00e4hrden \u2013, gilt Artikel 6 Absatz 1  Unterabsatz 1f (DSGVO) als Rechtsgrundlage.<\/p>\n\n\n\n<h2 class=\"wp-block-heading\">Erfassung allgemeiner Informationen beim Besuch unserer Website<\/h2>\n\n\n\n<h3 class=\"wp-block-heading\">Art und Zweck der Verarbeitung:<\/h3>\n\n\n\n<p>Um  Ihren Besuch so benutzerfreundlich wie m\u00f6glich zu gestalten und  s\u00e4mtliche verf\u00fcgbaren Funktionen anbieten zu k\u00f6nnen, erheben wir (\u00fcber den Web Analytics Service unseres Dienstleister 1&amp;1 IONOS SE, Eigendorfer Str. 57, 56410 Montabaur) eine  Reihe von <strong>Daten und Informationen des Ger\u00e4ts<\/strong>, mit dem Sie unsere Website aufgerufen haben. Dabei handelt es sich um folgende Daten:<\/p>\n\n\n\n<p>Referrer (zuvor besuchte Webseite)<br>Angeforderte Webseite oder Datei<br>Browsertyp und Browserversion<br>Verwendetes Betriebssystem<br>Verwendeter Ger\u00e4tetyp<br>Uhrzeit des Zugriffs<br>IP-Adresse in anonymisierter Form (wird nur zur Feststellung des Orts des Zugriffs verwendet)<\/p>\n\n\n\n<p>Die Daten werden insbesondere zu folgenden Zwecken verarbeitet:<\/p>\n\n\n\n<ul class=\"wp-block-list\">\n<li>Sicherstellung des korrekten Verbindungsaufbaus zur Website,<\/li>\n\n\n\n<li>Sicherstellung einer problemlosen Nutzung der Website,<\/li>\n\n\n\n<li>Auswertung der Systemsicherheit und -stabilit\u00e4t sowie<\/li>\n\n\n\n<li>zu weiteren administrativen Zwecken.<\/li>\n<\/ul>\n\n\n\n<p>Eine Auswertung dieser Daten zu Marketingzwecken findet in diesem Zusammenhang nicht statt, insbesondere verwenden wir Ihre Daten nicht dazu, R\u00fcckschl\u00fcsse \u00fcber Ihre Person zu gewinnen.<\/p>\n\n\n\n<h2 class=\"wp-block-heading\">Cookies<\/h2>\n\n\n\n<h3 class=\"wp-block-heading\">Art und Zweck der Verarbeitung:<\/h3>\n\n\n\n<p>Wie viele andere Webseiten verwenden wir auch so genannte \u201eCookies\u201c. \nBei Cookies handelt es sich um kleine Textdateien, die auf Ihrem \nEndger\u00e4t (Laptop, Tablet, Smartphone o.\u00e4.) gespeichert werden, wenn Sie \nunsere Webseite besuchen. <\/p>\n\n\n\n<p>Hierdurch erhalten wir bestimmte Daten wie z. B. IP-Adresse, verwendeter Browser und Betriebssystem.<\/p>\n\n\n\n<p>Cookies k\u00f6nnen nicht verwendet werden, um Programme zu starten oder \nViren auf einen Computer zu \u00fcbertragen. Anhand der in Cookies \nenthaltenen Informationen k\u00f6nnen wir Ihnen die Navigation erleichtern \nund die korrekte Anzeige unserer Webseiten erm\u00f6glichen.<\/p>\n\n\n\n<p>In keinem Fall werden die von uns erfassten Daten an Dritte \nweitergegeben oder ohne Ihre Einwilligung eine Verkn\u00fcpfung mit \npersonenbezogenen Daten hergestellt.<\/p>\n\n\n\n<p>Nat\u00fcrlich k\u00f6nnen Sie unsere Website grunds\u00e4tzlich auch ohne Cookies \nbetrachten. Internet-Browser sind regelm\u00e4\u00dfig so eingestellt, dass sie \nCookies akzeptieren. Im Allgemeinen k\u00f6nnen Sie die Verwendung von \nCookies jederzeit \u00fcber die Einstellungen Ihres Browsers deaktivieren. \nBitte verwenden Sie die Hilfefunktionen Ihres Internetbrowsers, um zu \nerfahren, wie Sie diese Einstellungen \u00e4ndern k\u00f6nnen. Bitte beachten Sie,\n dass einzelne Funktionen unserer Website m\u00f6glicherweise nicht \nfunktionieren, wenn Sie die Verwendung von Cookies deaktiviert haben.<\/p>\n\n\n\n<h3 class=\"wp-block-heading\">Speicherdauer und eingesetzte Cookies:<\/h3>\n\n\n\n<p>Alle personenbezogenen Daten, die wir w\u00e4hrend Ihres Besuchs durch den Einsatz von <strong>Sitzungs-Cookies<\/strong>  gesammelt haben, werden automatisch gel\u00f6scht, sobald der Zweck f\u00fcr ihre  Erhebung erf\u00fcllt ist. Die Sitzungsdaten werden demnach so lange  gespeichert, <strong>bis Sie Ihre Sitzung beenden<\/strong> (durch das Verlassen bzw. Schlie\u00dfen der Website).<\/p>\n\n\n\n<p>Sie k\u00f6nnen jederzeit \u00fcber Ihre Browsereinstellungen einzelne Cookies oder den  gesamten Cookie-Bestand l\u00f6schen. Dar\u00fcber hinaus erhalten Sie  Informationen und Anleitungen, wie diese Cookies gel\u00f6scht oder deren  Speicherung vorab blockiert werden k\u00f6nnen. Je nach Anbieter Ihres  Browsers finden Sie die notwendigen Informationen unter den  nachfolgenden Links:<\/p>\n\n\n\n<ul class=\"wp-block-list\">\n<li>Mozilla Firefox: <a href=\"https:\/\/support.mozilla.org\/de\/kb\/cookies-loeschen-daten-von-websites-entfernen\" target=\"_blank\" rel=\"noreferrer noopener\">https:\/\/support.mozilla.org\/de\/kb\/cookies-loeschen-daten-von-websites-entfernen<\/a><\/li>\n\n\n\n<li>Internet Explorer: <a href=\"https:\/\/support.microsoft.com\/de-de\/help\/17442\/windows-internet-explorer-delete-manage-cookies\" target=\"_blank\" rel=\"noreferrer noopener\">https:\/\/support.microsoft.com\/de-de\/help\/17442\/windows-internet-explorer-delete-manage-cookies<\/a><\/li>\n\n\n\n<li>Google Chrome: <a href=\"https:\/\/support.google.com\/accounts\/answer\/61416?hl=de\" target=\"_blank\" rel=\"noreferrer noopener\">https:\/\/support.google.com\/accounts\/answer\/61416?hl=de<\/a><\/li>\n\n\n\n<li>Opera: <a href=\"http:\/\/www.opera.com\/de\/help\" target=\"_blank\" rel=\"noreferrer noopener\">http:\/\/www.opera.com\/de\/help<\/a><\/li>\n\n\n\n<li>Safari: <a href=\"https:\/\/support.apple.com\/kb\/PH17191?locale=de_DE&amp;viewlocale=de_DE\" target=\"_blank\" rel=\"noreferrer noopener\">https:\/\/support.apple.com\/kb\/PH17191?locale=de_DE&amp;viewlocale=de_DE<\/a><\/li>\n<\/ul>\n\n\n\n<h2 class=\"wp-block-heading\">Eingebettete Inhalte von anderen Websites<\/h2>\n\n\n\n<p>Beitr\u00e4ge auf dieser Website k\u00f6nnen ggf. eingebettete Inhalte beinhalten.<\/p>\n\n\n\n<p>Diese Websites verwenden ggf. Cookies, Tracking-Dienste  von Dritten. Eventuell zeichnen sie die Interaktion mit diesem eingebetteten Inhalt auf inklusive der Erfassung von Daten falls Sie auf der jeweiligen Website ein Konto haben und auf dieser angemeldet sind.<\/p>\n\n\n\n<h2 class=\"wp-block-heading\">Email-Kontakt<\/h2>\n\n\n\n<p>Eine Kontaktaufnahme ist \u00fcber die bereitgestellte E-Mail-Adresse m\u00f6glich. In diesem Fall werden die mit der E-Mail \u00fcbermittelten personenbezogenen Daten des Nutzers gespeichert.  <\/p>\n\n\n\n<p>Es erfolgt in diesem Zusammenhang keine Weitergabe der Daten an Dritte. Die Daten werden ausschlie\u00dflich f\u00fcr die Verarbeitung der Konversation verwendet.<\/p>\n\n\n\n<p>Die Verarbeitung der personenbezogenen Daten aus der einer zugesandten E-Mail dient uns allein zur Bearbeitung der Kontaktaufnahme.<\/p>\n\n\n\n<p>Rechtsgrundlage f\u00fcr die Verarbeitung der Daten, die im Zuge einer \u00dcbersendung einer E-Mail \u00fcbermittelt werden, ist Art.&nbsp;6 Abs.&nbsp;1 lit.&nbsp;f DSGVO. Zielt der E-Mail-Kontakt auf den Abschluss eines Vertrages ab, so ist zus\u00e4tzliche Rechtsgrundlage f\u00fcr die Verarbeitung Art.&nbsp;6 Abs.&nbsp;1 lit.&nbsp;b DSGVO.<\/p>\n\n\n\n<h2 class=\"wp-block-heading\"> Rechte der betroffenen Person <\/h2>\n\n\n\n<p>Werden personenbezogene Daten (dies kann derzeit ausschlie\u00dflich \u00fcber eine Kontaktaufnahme per Email erfolgen) von Ihnen verarbeitet, sind Sie Betroffener i.S.d. DSGVO und es stehen Ihnen folgende Rechte gegen\u00fcber dem Verantwortlichen zu:<\/p>\n\n\n\n<h3 class=\"wp-block-heading\"> Auskunftsrecht <\/h3>\n\n\n\n<p>Sie\nk\u00f6nnen von dem Verantwortlichen eine Best\u00e4tigung dar\u00fcber\nverlangen, ob personenbezogene Daten, die Sie betreffen, von uns\nverarbeitet werden. \n<\/p>\n\n\n\n<p>Liegt\neine solche Verarbeitung vor, k\u00f6nnen Sie von dem Verantwortlichen\n\u00fcber folgende Informationen Auskunft verlangen:<\/p>\n\n\n\n<p>(1)\tdie\nZwecke, zu denen die personenbezogenen Daten verarbeitet werden;<\/p>\n\n\n\n<p>(2)\tdie\nKategorien von personenbezogenen Daten, welche verarbeitet werden;<\/p>\n\n\n\n<p>\n(3)\tdie Empf\u00e4nger bzw. die Kategorien von Empf\u00e4ngern, gegen\u00fcber\ndenen die Sie betreffenden personenbezogenen Daten offengelegt wurden\noder noch offengelegt werden;<\/p>\n\n\n\n<p>\n(4)\tdie geplante Dauer der Speicherung der Sie betreffenden\npersonenbezogenen Daten oder, falls konkrete Angaben hierzu nicht\nm\u00f6glich sind, Kriterien f\u00fcr die Festlegung der Speicherdauer;<\/p>\n\n\n\n<p>\n(5)\tdas Bestehen eines Rechts auf Berichtigung oder L\u00f6schung der Sie\nbetreffenden personenbezogenen Daten, eines Rechts auf Einschr\u00e4nkung\nder Verarbeitung durch den Verantwortlichen oder eines\nWiderspruchsrechts gegen diese Verarbeitung; \n<\/p>\n\n\n\n<p>(6)\tdas\nBestehen eines Beschwerderechts bei einer Aufsichtsbeh\u00f6rde;<\/p>\n\n\n\n<p>\n(7)\talle verf\u00fcgbaren Informationen \u00fcber die Herkunft der Daten,\nwenn die personenbezogenen Daten nicht bei der betroffenen Person\nerhoben werden;<\/p>\n\n\n\n<p>\n(8)\tdas Bestehen einer automatisierten Entscheidungsfindung\neinschlie\u00dflich Profiling gem\u00e4\u00df Art.&nbsp;22 Abs.&nbsp;1 und 4\nDSGVO und \u2013 zumindest in diesen F\u00e4llen \u2013 aussagekr\u00e4ftige\nInformationen \u00fcber die involvierte Logik sowie die Tragweite und die\nangestrebten Auswirkungen einer derartigen Verarbeitung f\u00fcr die\nbetroffene Person.<\/p>\n\n\n\n<p>Ihnen\nsteht das Recht zu, Auskunft dar\u00fcber zu verlangen, ob die Sie\nbetreffenden personenbezogenen Daten in ein Drittland oder an eine\ninternationale Organisation \u00fcbermittelt werden. In diesem\nZusammenhang k\u00f6nnen Sie verlangen, \u00fcber die geeigneten Garantien\ngem. Art.&nbsp;46 DSGVO im Zusammenhang mit der \u00dcbermittlung\nunterrichtet zu werden.<\/p>\n\n\n\n<h3 class=\"wp-block-heading\"> Recht auf Einschr\u00e4nkung der Verarbeitung <\/h3>\n\n\n\n<p>Unter\nden folgenden Voraussetzungen k\u00f6nnen Sie die Einschr\u00e4nkung der\nVerarbeitung der Sie betreffenden personenbezogenen Daten verlangen:<\/p>\n\n\n\n<p>\n(1)\twenn Sie die Richtigkeit der Sie betreffenden personenbezogenen\nf\u00fcr eine Dauer bestreiten, die es dem Verantwortlichen erm\u00f6glicht,\ndie Richtigkeit der personenbezogenen Daten zu \u00fcberpr\u00fcfen;<\/p>\n\n\n\n<p>\n(2)\tdie Verarbeitung unrechtm\u00e4\u00dfig ist und Sie die L\u00f6schung der\npersonenbezogenen Daten ablehnen und stattdessen die Einschr\u00e4nkung\nder Nutzung der personenbezogenen Daten verlangen;<\/p>\n\n\n\n<p>\n(3)\tder Verantwortliche die personenbezogenen Daten f\u00fcr die Zwecke\nder Verarbeitung nicht l\u00e4nger ben\u00f6tigt, Sie diese jedoch zur\nGeltendmachung, Aus\u00fcbung oder Verteidigung von Rechtsanspr\u00fcchen\nben\u00f6tigen, oder<\/p>\n\n\n\n<p>\n(4)\twenn Sie Widerspruch gegen die Verarbeitung gem\u00e4\u00df Art.&nbsp;21\nAbs.&nbsp;1 DSGVO eingelegt haben und noch nicht feststeht, ob die\nberechtigten Gr\u00fcnde des Verantwortlichen gegen\u00fcber Ihren Gr\u00fcnden\n\u00fcberwiegen.<\/p>\n\n\n\n<p>Wurde\ndie Verarbeitung der Sie betreffenden personenbezogenen Daten\neingeschr\u00e4nkt, d\u00fcrfen diese Daten \u2013 von ihrer Speicherung\nabgesehen \u2013 nur mit Ihrer Einwilligung oder zur Geltendmachung,\nAus\u00fcbung oder Verteidigung von Rechtsanspr\u00fcchen oder zum Schutz der\nRechte einer anderen nat\u00fcrlichen oder juristischen Person oder aus\nGr\u00fcnden eines wichtigen \u00f6ffentlichen Interesses der Union oder\neines Mitgliedstaats verarbeitet werden.<\/p>\n\n\n\n<p>Wurde\ndie Einschr\u00e4nkung der Verarbeitung nach den o.g. Voraussetzungen\neingeschr\u00e4nkt, werden Sie von dem Verantwortlichen unterrichtet\nbevor die Einschr\u00e4nkung aufgehoben wird.<\/p>\n\n\n\n<h4 class=\"wp-block-heading\"> Recht auf Beschwerde bei einer Aufsichtsbeh\u00f6rde <\/h4>\n\n\n\n<p>Unbeschadet\neines anderweitigen verwaltungsrechtlichen oder gerichtlichen\nRechtsbehelfs steht Ihnen das Recht auf Beschwerde bei einer\nAufsichtsbeh\u00f6rde, insbesondere in dem Mitgliedstaat ihres\nAufenthaltsorts, ihres Arbeitsplatzes oder des Orts des mutma\u00dflichen\nVersto\u00dfes, zu, wenn Sie der Ansicht sind, dass die Verarbeitung der\nSie betreffenden personenbezogenen Daten gegen die DSGVO verst\u00f6\u00dft. \n<\/p>\n\n\n\n<p>Die Aufsichtsbeh\u00f6rde, bei der die Beschwerde eingereicht wurde, unterrichtet den Beschwerdef\u00fchrer \u00fcber den Stand und die Ergebnisse der Beschwerde einschlie\u00dflich der M\u00f6glichkeit eines gerichtlichen Rechtsbehelfs nach Art.&nbsp;78 DSGVO.<\/p>\n\n\n\n<h2 class=\"wp-block-heading\">\u00c4nderung unserer Datenschutzbestimmungen<\/h2>\n\n\n\n<p>Wir behalten uns vor, diese Datenschutzerkl\u00e4rung anzupassen, damit  sie stets den aktuellen rechtlichen Anforderungen entspricht oder um  \u00c4nderungen unserer Leistungen in der Datenschutzerkl\u00e4rung umzusetzen,  z.B. bei der Einf\u00fchrung neuer Services. F\u00fcr Ihren erneuten Besuch gilt  dann die neue Datenschutzerkl\u00e4rung.<\/p>\n\n\n\n<p><em>Die Datenschutzerkl\u00e4rung wurde <strong>in Teilen<\/strong> mithilfe der <a href=\"https:\/\/www.activemind.de\/datenschutz\/datenschutzhinweis-generator\/\" target=\"_blank\" rel=\"noreferrer noopener\" aria-label=\"activeMind AG (opens in a new tab)\">activeMind AG<\/a> erstellt.<\/em><\/p>\n","protected":false},"excerpt":{"rendered":"<p>Der Verantwortliche im Sinne der EU-Datenschutzgrundverordnung (DSGVO), des Bundesdatenschutzgesetzes (BDSG) sowie sonstiger datenschutzrechtlicher Bestimmungen ist: Damanacon GmbHFeldstra\u00dfe 34 15517 F\u00fcrstenwalde Website: http:\/\/damanacon.deTelefonnummer: +49-176-46717552 Rechtsgrundlagen Insofern wir f\u00fcr die Verarbeitung der personenbezogenen Daten eine Einwilligung der betroffenen Person eingeholt haben, gilt Artikel 6 Absatz 1 Unterabsatz 1a der DSGVO als rechtliche Grundlage. Ist die Verarbeitung personenbezogener [&hellip;]<\/p>\n","protected":false},"author":1,"featured_media":0,"parent":0,"menu_order":0,"comment_status":"closed","ping_status":"closed","template":"","meta":{"footnotes":""},"class_list":["post-10","page","type-page","status-publish","hentry"],"_links":{"self":[{"href":"https:\/\/damanacon.de\/index.php?rest_route=\/wp\/v2\/pages\/10","targetHints":{"allow":["GET"]}}],"collection":[{"href":"https:\/\/damanacon.de\/index.php?rest_route=\/wp\/v2\/pages"}],"about":[{"href":"https:\/\/damanacon.de\/index.php?rest_route=\/wp\/v2\/types\/page"}],"author":[{"embeddable":true,"href":"https:\/\/damanacon.de\/index.php?rest_route=\/wp\/v2\/users\/1"}],"replies":[{"embeddable":true,"href":"https:\/\/damanacon.de\/index.php?rest_route=%2Fwp%2Fv2%2Fcomments&post=10"}],"version-history":[{"count":18,"href":"https:\/\/damanacon.de\/index.php?rest_route=\/wp\/v2\/pages\/10\/revisions"}],"predecessor-version":[{"id":64,"href":"https:\/\/damanacon.de\/index.php?rest_route=\/wp\/v2\/pages\/10\/revisions\/64"}],"wp:attachment":[{"href":"https:\/\/damanacon.de\/index.php?rest_route=%2Fwp%2Fv2%2Fmedia&parent=10"}],"curies":[{"name":"wp","href":"https:\/\/api.w.org\/{rel}","templated":true}]}}