{"id":4,"date":"2019-11-26T19:19:59","date_gmt":"2019-11-26T19:19:59","guid":{"rendered":"http:\/\/damanacon.de\/willkommen-auf-http-damanacon-de"},"modified":"2023-06-09T11:21:54","modified_gmt":"2023-06-09T09:21:54","slug":"willkommen-auf-http-damanacon-de","status":"publish","type":"page","link":"https:\/\/damanacon.de\/","title":{"rendered":"Willkommen auf der Homepage der Damanacon GmbH"},"content":{"rendered":"\n<h2 class=\"wp-block-heading\">Ihr Partner an der Schnittstelle zwischen Banking und IT<\/h2>\n\n\n\n<h3 class=\"wp-block-heading\">Die Damanacon GmbH stellt sich vor<\/h3>\n\n\n\n<p>Der Fokus unserer Dienstleistungen liegt auf der Schnittstelle zwischen fachlichen und technischen Anforderungen im Finanzsektor. Wir unterst\u00fctzen Sie dabei aus einer Hand auf der kompletten Strecke ausgehend von der fachlichen Konzeption bankfachlicher Themen bis zur Betreuung der eigentlichen technischen Umsetzung. Dies umfasst sowohl das Prototyping technischer L\u00f6sungen als auch die Umsetzungsbegleitung.<\/p>\n\n\n\n<h3 class=\"wp-block-heading\">Unser Angebot<\/h3>\n\n\n\n<h4 class=\"wp-block-heading\">Fachliche Expertise im Risikocontrolling und im Zahlungsverkehr<\/h4>\n\n\n\n<p>Die Damanacon GmbH verf\u00fcgt \u00fcber langj\u00e4hrige Erfahrung im Risikocontrolling und hier insbesondere im Kreditrisiko. Wir unterst\u00fctzen Sie bei der Weiterentwicklung Ihrer Portfoliomodelle, im Kredit-Pricing sowie bei der Entwicklung einer Gesamt-Risikostrategie \u00fcber die verschiedenen Risikoarten. Auch verf\u00fcgen wir \u00fcber mehrj\u00e4hrige Erfahrungen im Meldewesen (FinRep, Solvency II, Basel III).<\/p>\n\n\n\n<p>Als zweiten Schwerpunkt unserer T\u00e4tigkeiten ber\u00e4t die Damanacon GmbH Sie im Thema Zahlungsverkehr und hier insbesondere bei Kreditkarten. Dies umfasst sowohl die Konzeption von L\u00f6sungen f\u00fcr den Endkunden (Kunden-Frontends) als auch die Definition fachlicher sowie technischer Anforderungen in den Backend-Systemen, insbesondere bei gr\u00f6\u00dferen Migrationsprojekten. <\/p>\n\n\n\n<h4 class=\"wp-block-heading\">&#8230;an der Schnittstelle zur IT&#8230;<\/h4>\n\n\n\n<p>Neben der fachlichen Expertise bringen wir Ihre Ideen auch in die Realit\u00e4t. Wir verf\u00fcgen \u00fcber mehrj\u00e4hrige Erfahrung in der Dienstleistersteuerung: Zusammen mit Ihnen entwickeln wir technische Konzete und bringen diese mit Ihnen und Ihren Partnern zusammen zur Marktreife. Dabei beherrschen wir sowohl agile wie auch traditionelle Projektvorgehen und richten uns hierbei ganz nach Ihren W\u00fcnschen.<\/p>\n\n\n\n<h4 class=\"wp-block-heading\">&#8230; mit Umsetzungskompetenz<\/h4>\n\n\n\n<p>Besonders zeichnet die Damanacon GmbH aus, dass wir \u00fcber eine sehr fundierte eigene Umsetzungskompetenz verf\u00fcgen. Wir verf\u00fcgen \u00fcber mehrj\u00e4hriger Erfahrungen in einer Vielzahl von Techniken und verschiedenen Sprachen mit einem Schwerpunkt auf Java und Python \/ R. Wir erstellen dabei f\u00fcr Sie sowohl komplexe Datenanalysen als auch voll lauff\u00e4hige Prototypen und beraten Sie dabei, diese in Ihre eigenen technischen Systeme zu integrieren. Bei der Weiterentwicklung Ihrer Modelle beraten wir Sie auch bei allen numerischen sowie algorithmischen Fragestellungen sowie deren Optimierung.<\/p>\n\n\n\n<p>Haben wir Ihr Interesse geweckt? <a href=\"mailto:info@damanacon.de\">Dann sprechen Sie uns gerne an.<\/a><\/p>\n","protected":false},"excerpt":{"rendered":"<p>Ihr Partner an der Schnittstelle zwischen Banking und IT Die Damanacon GmbH stellt sich vor Der Fokus unserer Dienstleistungen liegt auf der Schnittstelle zwischen fachlichen und technischen Anforderungen im Finanzsektor. Wir unterst\u00fctzen Sie dabei aus einer Hand auf der kompletten Strecke ausgehend von der fachlichen Konzeption bankfachlicher Themen bis zur Betreuung der eigentlichen technischen Umsetzung. [&hellip;]<\/p>\n","protected":false},"author":1,"featured_media":0,"parent":0,"menu_order":0,"comment_status":"closed","ping_status":"open","template":"","meta":{"footnotes":""},"class_list":["post-4","page","type-page","status-publish","hentry"],"_links":{"self":[{"href":"https:\/\/damanacon.de\/index.php?rest_route=\/wp\/v2\/pages\/4","targetHints":{"allow":["GET"]}}],"collection":[{"href":"https:\/\/damanacon.de\/index.php?rest_route=\/wp\/v2\/pages"}],"about":[{"href":"https:\/\/damanacon.de\/index.php?rest_route=\/wp\/v2\/types\/page"}],"author":[{"embeddable":true,"href":"https:\/\/damanacon.de\/index.php?rest_route=\/wp\/v2\/users\/1"}],"replies":[{"embeddable":true,"href":"https:\/\/damanacon.de\/index.php?rest_route=%2Fwp%2Fv2%2Fcomments&post=4"}],"version-history":[{"count":7,"href":"https:\/\/damanacon.de\/index.php?rest_route=\/wp\/v2\/pages\/4\/revisions"}],"predecessor-version":[{"id":56,"href":"https:\/\/damanacon.de\/index.php?rest_route=\/wp\/v2\/pages\/4\/revisions\/56"}],"wp:attachment":[{"href":"https:\/\/damanacon.de\/index.php?rest_route=%2Fwp%2Fv2%2Fmedia&parent=4"}],"curies":[{"name":"wp","href":"https:\/\/api.w.org\/{rel}","templated":true}]}}